{"id":27,"date":"2024-05-06T17:53:28","date_gmt":"2024-05-06T17:53:28","guid":{"rendered":"https:\/\/majken-tolk.dk\/?page_id=27"},"modified":"2024-05-20T14:15:44","modified_gmt":"2024-05-20T14:15:44","slug":"priser","status":"publish","type":"page","link":"https:\/\/majken-tolk.dk\/index.php\/priser\/","title":{"rendered":"Priser"},"content":{"rendered":"\n<p style=\"margin-top:var(--wp--preset--spacing--10);margin-bottom:var(--wp--preset--spacing--10)\"><strong>Grundpris pr. time I alle zoner:<\/strong> 650 kr.<\/p>\n\n\n\n<p><strong>Zonetill\u00e6g<\/strong><\/p>\n\n\n\n<p>Zone 1: 275 kr.<\/p>\n\n\n\n<p>Zone 2: 650 kr.<\/p>\n\n\n\n<p style=\"margin-top:0;margin-bottom:var(--wp--preset--spacing--10)\">Zone 3: 1050 kr.<\/p>\n\n\n\n<p><strong>Fjerntolkning<\/strong><\/p>\n\n\n\n<p style=\"margin-bottom:var(--wp--preset--spacing--10)\">Jeg tilbyder som udgangspunkt ikke Fjerntolkning. <\/p>\n\n\n\n<p><strong>Ekstra till\u00e6g (Afregnes pr. time)<\/strong><\/p>\n\n\n\n<p>Aftentill\u00e6g (kl 17-07): 86 kr.<\/p>\n\n\n\n<p>Weekend og helligdage: 161 kr.<\/p>\n\n\n\n<p style=\"margin-bottom:var(--wp--preset--spacing--10)\">Kr\u00e6vende opgaver*: 135 kr. <\/p>\n\n\n\n<p class=\"has-small-font-size\">* Ved &#8220;Kr\u00e6vende opgaver&#8221; menes der, opgaver med komplekst indhold, eller som er mere fysisk kr\u00e6vende. Taktil tolkning, tolkning til konferencer, fremmedsprogstolkning, eller tolkninger med et h\u00f8jt fagligt indhold.<\/p>\n","protected":false},"excerpt":{"rendered":"<p>Grundpris pr. time I alle zoner: 650 kr. Zonetill\u00e6g Zone 1: 275 kr. Zone 2: 650 kr. Zone 3: 1050 kr. Fjerntolkning Jeg tilbyder som udgangspunkt ikke Fjerntolkning. Ekstra till\u00e6g (Afregnes pr. time) Aftentill\u00e6g (kl 17-07): 86 kr. Weekend og helligdage: 161 kr. Kr\u00e6vende opgaver*: 135 kr. * Ved &#8220;Kr\u00e6vende opgaver&#8221; menes der, opgaver med [&hellip;]<\/p>\n","protected":false},"author":1,"featured_media":0,"parent":0,"menu_order":0,"comment_status":"closed","ping_status":"closed","template":"","meta":{"footnotes":""},"class_list":["post-27","page","type-page","status-publish","hentry"],"_links":{"self":[{"href":"https:\/\/majken-tolk.dk\/index.php\/wp-json\/wp\/v2\/pages\/27","targetHints":{"allow":["GET"]}}],"collection":[{"href":"https:\/\/majken-tolk.dk\/index.php\/wp-json\/wp\/v2\/pages"}],"about":[{"href":"https:\/\/majken-tolk.dk\/index.php\/wp-json\/wp\/v2\/types\/page"}],"author":[{"embeddable":true,"href":"https:\/\/majken-tolk.dk\/index.php\/wp-json\/wp\/v2\/users\/1"}],"replies":[{"embeddable":true,"href":"https:\/\/majken-tolk.dk\/index.php\/wp-json\/wp\/v2\/comments?post=27"}],"version-history":[{"count":3,"href":"https:\/\/majken-tolk.dk\/index.php\/wp-json\/wp\/v2\/pages\/27\/revisions"}],"predecessor-version":[{"id":38,"href":"https:\/\/majken-tolk.dk\/index.php\/wp-json\/wp\/v2\/pages\/27\/revisions\/38"}],"wp:attachment":[{"href":"https:\/\/majken-tolk.dk\/index.php\/wp-json\/wp\/v2\/media?parent=27"}],"curies":[{"name":"wp","href":"https:\/\/api.w.org\/{rel}","templated":true}]}}